{"id":25,"date":"2021-02-24T11:39:45","date_gmt":"2021-02-24T10:39:45","guid":{"rendered":"http:\/\/cpqkjne.cluster030.hosting.ovh.net\/?page_id=25"},"modified":"2026-01-29T10:29:50","modified_gmt":"2026-01-29T09:29:50","slug":"accueil","status":"publish","type":"page","link":"http:\/\/www.jenniferteles-psychologue.fr\/","title":{"rendered":""},"content":{"rendered":"<div class=\"_3v05Z block\">\n<div class=\"_2Heui\" data-gi-selector=\"editable-block\">\n<section class=\"_1AraQ css-ja1jmj\">\n<div class=\"_2CtTI\">\n<div class=\"_3gHX_\">\n<div class=\"_2zF9G\">\n<div class=\"_1xF0M\" data-gi-selector=\"static-text-element\">\n<div class=\"dx4IC\">\n<div class=\"_2gdTJ\">\n<div class=\"Te80D\">\n<div class=\"_3l4Fr\">\n<div class=\"\">\n<h2 style=\"text-align: center;\">Psychologue clinicienne<\/h2>\n<h2 style=\"text-align: center;\">neuropsychologue<\/h2>\n<h2 style=\"text-align: center;\">et psychoth\u00e9rapeute<\/h2>\n<h2 style=\"text-align: center;\">pour adultes et s\u00e9niors.<\/h2>\n<p style=\"text-align: center;\"><em>Probl\u00e9matique de troubles de l&rsquo;humeur, deuil, handicap, vieillissement et soins palliatifs.<\/em><\/p>\n<\/div>\n<p style=\"text-align: center;\"><a href=\"https:\/\/perfactive.fr\/jennifer-teles\/book\">Prendre rendez-vous en ligne<\/a><\/p>\n<div class=\"\">\n<p style=\"text-align: center;\"><strong>T\u00e9l\u00e9phone : 07 73 09 18 26<\/strong><\/p>\n<p style=\"text-align: center;\"><strong>Consultation sur rendez-vous.<\/strong><\/p>\n<p>R\u00e9f\u00e9renc\u00e9e par l&rsquo;Agence R\u00e9gionale de Sant\u00e9 sous le num\u00e9ro ADELI : 339305104<br \/>\nNum\u00e9ro RPPS : 10009595397<br \/>\nNum\u00e9ro de SIRET : 89453733100015<br \/>\nSoci\u00e9taire de l&rsquo;assurance responsabilit\u00e9 professionnelle : MACSF<\/p>\n<p class=\"text-align-center\"><strong><img loading=\"lazy\" decoding=\"async\" class=\"alignleft wp-image-336\" src=\"http:\/\/cpqkjne.cluster030.hosting.ovh.net\/wp-content\/uploads\/2021\/11\/16264a40-266a-44f1-b651-b7de35e88649-150x150.jpg\" alt=\"\" width=\"154\" height=\"154\" \/><\/strong><\/p>\n<p class=\"text-align-center\"><strong>Mon parcours : <\/strong>Titulaire du dipl\u00f4me de\u00a0<strong>psychologue clinicienne <\/strong>sp\u00e9cialit\u00e9 neuropsychologie du vieillissement normal et pathologique de l&rsquo;universit\u00e9 de Bretagne Occidentale,<br \/>\ndu dipl\u00f4me universitaire de\u00a0<strong>sciences neuropsychologiques<\/strong>\u00a0\u00e0 Bordeaux,<br \/>\nform\u00e9e \u00e0 la d\u00e9marche humanitude de l&rsquo;institut Gineste-Marescotti,<br \/>\net\u00a0<strong>psychoth\u00e9rapeute<\/strong>.<\/p>\n<\/div>\n<p>Mon expertise et ma connaissance du fonctionnement psychique sont un soutien dans la recherche de vos solutions et dans le d\u00e9veloppement de vos ressources personnelles. Je mets \u00e0 votre disposition mon \u00e9coute active et ma bienveillance dans un cadre respectueux et confidentiel.<\/p>\n<p>J&rsquo;accompagne en entretien individuel autour de probl\u00e9matiques de troubles de l&rsquo;humeur, deuil, d\u00e9pendance, handicap, s\u00e9paration, stress, troubles du sommeil, vieillissement et fin de vie notamment.<\/p>\n<div class=\"\">\n<ul>\n<li>Clinique orient\u00e9e sur l&rsquo;<strong>accompagnement d&rsquo;adultes ou public \u00e2g\u00e9, des familles<\/strong> confront\u00e9es aux probl\u00e9matiques de handicap, du vieillissement normal ou pathologique, au travail de deuil, accompagnement de fin de vie et soins palliatifs, troubles de l&rsquo;humeur ainsi que des temps d&rsquo;informations autour des pathologies neurod\u00e9g\u00e9n\u00e9ratives et du vieillissement.<\/li>\n<li><strong>\u00c9valuation des capacit\u00e9s pr\u00e9serv\u00e9es<\/strong>\u00a0\u00e0 l&rsquo;aide d&rsquo;outils standardis\u00e9s.<\/li>\n<li><strong>Stimulation<\/strong>\u00a0\u00e0 l&rsquo;aide\u00a0<strong>d&rsquo;atelier de\u00a0<\/strong><a href=\"https:\/\/centre-ressource-rehabilitation.org\/remediation-cognitive\" target=\"_blank\" rel=\"noopener\"><strong>rem\u00e9diation cognitive<\/strong><\/a><strong><strong> en individuel pour s\u00e9niors.<\/strong><\/strong><\/li>\n<\/ul>\n<\/div>\n<\/div>\n<\/div>\n<\/div>\n<\/div>\n<\/div>\n<\/div>\n<\/div>\n<\/div>\n<\/section>\n<div>\n<div>\n<p><strong><span style=\"font-size: 1.125rem;\">Un psychologue : c&rsquo;est quoi ?<\/span><\/strong><\/p>\n<p>Un psychologue est dipl\u00f4m\u00e9 d&rsquo;un Master 2 professionnel de psychologie (BAC +5)\u00a0 et doit justifier d&rsquo;un certain nombre d&rsquo;heures de stage professionnel ainsi que de la r\u00e9daction d&rsquo;un m\u00e9moire. Son titre est prot\u00e9g\u00e9. Le psychologue doit s&rsquo;enregistrer aupr\u00e8s de <a href=\"https:\/\/www.ars.sante.fr\/\" target=\"_blank\" rel=\"noopener\">l&rsquo;A.R.S. (Agence R\u00e9gionale de Sant\u00e9<\/a>) du d\u00e9partement o\u00f9 il exerce afin de s&rsquo;inscrire au r\u00e9pertoire ADELI. Il doit exercer dans le respect du\u00a0<a href=\"https:\/\/psychologues.org\/deontologie-single\/code-deontologie-psychologues\/\" target=\"_blank\" rel=\"noopener\">code de d\u00e9ontologie des psychologues<\/a>.<\/p>\n<\/div>\n<\/div>\n<div class=\"wrV4w _1fCa1 _3EuTE\">\n<div class=\"_3Rp6z W3Mnz\">\n<p>Un psychologue est expert en comportements humains et fonctionnement psychique, et accompagne les individus en les prenant en compte dans leur globalit\u00e9 : en leur proposant un espace de parole neutre et bienveillant. Le but est de conduire vers le mieux \u00eatre. Pour cela diff\u00e9rentes branches et sp\u00e9cialit\u00e9s de la psychologie existent : psychologie du travail, de la sant\u00e9, du vieillissement, neuropsychologie etc.<br \/>\nPlusieurs interventions sont propos\u00e9es : l&rsquo;\u00e9valuation \/ le soutien \/ les psychoth\u00e9rapies individuelles ou de groupe.<\/p>\n<p>Le psychologue n&rsquo;est pas un psychiatre. Le psychiatre est m\u00e9decin.<\/p>\n<p><strong>Et un neuropsychologue<em> ?<\/em><\/strong><\/p>\n<\/div>\n<div class=\"_3Rp6z W3Mnz\">\n<p><a href=\"https:\/\/asso-neuropsy13.sitego.fr\/la-neuropsychologie.html\" target=\"_blank\" rel=\"noopener\">Un neuropsychologue<\/a>\u00a0est un psychologue sp\u00e9cialis\u00e9 en neuropsychologie. La neuropsychologie s&rsquo;int\u00e9resse aux\u00a0<a href=\"https:\/\/web.ac-reims.fr\/dsden10\/DYS\/wa_files\/causes%20neuro-developpemntales.png\" target=\"_blank\" rel=\"noopener\">fonctions cognitives<\/a>\u00a0(m\u00e9moire, langage, attention etc), affectives et \u00e9motionnelles.<\/p>\n<p><strong>Et un psychoth\u00e9rapeute ?<\/strong><\/p>\n<p>Un psychoth\u00e9rapeute est un professionnel qui pratique la psychoth\u00e9rapie. Son titre est soumis \u00e0 la loi depuis peu et il doit \u00eatre enregistr\u00e9 \u00e0 l&rsquo;A.R.S. \u00e9galement.<\/p>\n<\/div>\n<div>Vid\u00e9o en lien : Le Forem (Youtube)<br \/>\n<iframe loading=\"lazy\" title=\"Mon m\u00e9tier c&#039;est: Psychologue\" width=\"848\" height=\"477\" src=\"https:\/\/www.youtube.com\/embed\/c9lVGKglk-g?feature=oembed\" frameborder=\"0\" allow=\"accelerometer; autoplay; clipboard-write; encrypted-media; gyroscope; picture-in-picture; web-share\" referrerpolicy=\"strict-origin-when-cross-origin\" allowfullscreen><\/iframe><\/p>\n<\/div>\n<\/div>\n<\/div>\n<\/div>\n<div class=\"_3v05Z block\">\n<div class=\"_2Heui _1nbNl\" data-gi-selector=\"editable-block\">\n<section class=\"_1AraQ css-ja1jmj\">\n<div class=\"_2CtTI\">\n<div class=\"_3DYEM _3gYgN\">\n<div class=\"_3FGmb -ssD5\">\n<div class=\"wD_Iu _3UakY css-1c375l0\">\n<div class=\"_2miuJ\">\n<div class=\"GbBT4 css-ja1jmj\">\n<div class=\"_1glxy _3Ge6R\">\n<div class=\"f9DmZ\">\n<div class=\"qC6sR\">\n<div class=\"_3QG0w _2SdPx hQI7s _1YVTP\">\n<div class=\"_2ysA4\">\n<div class=\"_3v3cp _3LE1J\">\n<p class=\"_2G0zf _1N2oV _1wpCY\"><strong>Pour qui ?<\/strong><\/p>\n<\/div>\n<\/div>\n<\/div>\n<\/div>\n<\/div>\n<div class=\"_1Kt3I\">\n<div class=\"_2zF9G\">\n<div class=\"_1xF0M\" data-gi-selector=\"static-text-element\">\n<div class=\"dx4IC\">\n<div class=\"_2gdTJ\">\n<div class=\"Te80D\">\n<div class=\"_3l4Fr\">\n<div class=\"\">\n<p>Chacun peut \u00eatre amen\u00e9 \u00e0 un moment de sa vie \u00e0 rencontrer des difficult\u00e9s : s\u00e9paration, deuil, changements de vie, etc. La mouvance pour le d\u00e9veloppement personnel ces derni\u00e8res ann\u00e9es a d&rsquo;ailleurs bien mis en lumi\u00e8re l&rsquo;int\u00e9r\u00eat que chacun peut avoir \u00e0 consulter un professionnel du psychisme.<\/p>\n<p>Aucune prescription n&rsquo;est n\u00e9cessaire pour consulter un psychologue. Votre m\u00e9decin peut cependant vous orienter vers le professionnel le plus adapt\u00e9.<\/p>\n<p class=\"text-align-center\">Vid\u00e9o en lien : France 3 Hauts de France (Youtube)<\/p>\n<p><iframe loading=\"lazy\" title=\"Qu&#039;est ce qu&#039;un psy ?\" width=\"848\" height=\"477\" src=\"https:\/\/www.youtube.com\/embed\/8BaYEWohnTc?feature=oembed\" frameborder=\"0\" allow=\"accelerometer; autoplay; clipboard-write; encrypted-media; gyroscope; picture-in-picture; web-share\" referrerpolicy=\"strict-origin-when-cross-origin\" allowfullscreen><\/iframe><\/p>\n<\/div>\n<\/div>\n<\/div>\n<\/div>\n<\/div>\n<\/div>\n<\/div>\n<\/div>\n<\/div>\n<\/div>\n<\/div>\n<\/div>\n<\/div>\n<div class=\"_3FGmb -ssD5\">\n<div class=\"wD_Iu _3UakY css-1c375l0\">\n<div class=\"_2miuJ\">\n<div class=\"Q6JqA _3yjn2\">\n<div class=\"GRJhS _9G_aK\">\n<p class=\"hp8g3\"><strong><span style=\"font-size: 1.125rem;\">Comment ?\u00a0<\/span><\/strong><\/p>\n<div>Le premier rendez-vous va permettre de d\u00e9terminer ensemble <strong>la demande<\/strong>\u00a0c&rsquo;est \u00e0 dire d\u00e9crire ce qui vous am\u00e8ne \u00e0 consulter. Ceci permettra de d\u00e9terminer si le psychologue est bien apte \u00e0 vous accompagner. Si tel n&rsquo;est pas le cas, il pourra vous orienter vers un confr\u00e8re ou un autre sp\u00e9cialiste. Sinon il vous proposera une r\u00e9gularit\u00e9 de s\u00e9ances. Et ensemble vous d\u00e9terminerez quel type de prise en charge est la plus ad\u00e9quate (individuel \/ groupe \/ \u00e9valuation \/ suivi r\u00e9gulier \/ atelier &#8230;).<\/div>\n<\/div>\n<\/div>\n<div class=\"GbBT4 css-ja1jmj\">\n<div class=\"_1glxy _3Ge6R\">\n<div class=\"_1Kt3I\">\n<div class=\"_2zF9G\">\n<div class=\"_1xF0M\" data-gi-selector=\"static-text-element\">\n<div class=\"dx4IC _11JJT\">\n<div class=\"_2gdTJ\">\n<div class=\"Te80D\">\n<div class=\"_3l4Fr\">\n<div class=\"\">\n<p>Les s\u00e9ances durent 40 minutes en moyenne.<\/p>\n<\/div>\n<\/div>\n<\/div>\n<\/div>\n<\/div>\n<\/div>\n<\/div>\n<\/div>\n<\/div>\n<\/div>\n<\/div>\n<\/div>\n<\/div>\n<\/div>\n<\/div>\n<\/section>\n<\/div>\n<\/div>\n","protected":false},"excerpt":{"rendered":"<p>Psychologue clinicienne neuropsychologue et psychoth\u00e9rapeute pour adultes et s\u00e9niors. Probl\u00e9matique de troubles de l&rsquo;humeur, deuil, handicap, vieillissement et soins palliatifs. Prendre rendez-vous en ligne T\u00e9l\u00e9phone : 07 73 09 18 26 Consultation sur rendez-vous. R\u00e9f\u00e9renc\u00e9e par l&rsquo;Agence R\u00e9gionale de Sant\u00e9 sous le num\u00e9ro ADELI : 339305104 Num\u00e9ro RPPS : 10009595397 Num\u00e9ro de SIRET : 89453733100015 Soci\u00e9taire de l&rsquo;assurance responsabilit\u00e9 professionnelle &hellip; <\/p>\n","protected":false},"author":1,"featured_media":122,"parent":0,"menu_order":0,"comment_status":"closed","ping_status":"closed","template":"","meta":{"footnotes":""},"class_list":["post-25","page","type-page","status-publish","has-post-thumbnail","hentry"],"_links":{"self":[{"href":"http:\/\/www.jenniferteles-psychologue.fr\/index.php\/wp-json\/wp\/v2\/pages\/25","targetHints":{"allow":["GET"]}}],"collection":[{"href":"http:\/\/www.jenniferteles-psychologue.fr\/index.php\/wp-json\/wp\/v2\/pages"}],"about":[{"href":"http:\/\/www.jenniferteles-psychologue.fr\/index.php\/wp-json\/wp\/v2\/types\/page"}],"author":[{"embeddable":true,"href":"http:\/\/www.jenniferteles-psychologue.fr\/index.php\/wp-json\/wp\/v2\/users\/1"}],"replies":[{"embeddable":true,"href":"http:\/\/www.jenniferteles-psychologue.fr\/index.php\/wp-json\/wp\/v2\/comments?post=25"}],"version-history":[{"count":62,"href":"http:\/\/www.jenniferteles-psychologue.fr\/index.php\/wp-json\/wp\/v2\/pages\/25\/revisions"}],"predecessor-version":[{"id":398,"href":"http:\/\/www.jenniferteles-psychologue.fr\/index.php\/wp-json\/wp\/v2\/pages\/25\/revisions\/398"}],"wp:featuredmedia":[{"embeddable":true,"href":"http:\/\/www.jenniferteles-psychologue.fr\/index.php\/wp-json\/wp\/v2\/media\/122"}],"wp:attachment":[{"href":"http:\/\/www.jenniferteles-psychologue.fr\/index.php\/wp-json\/wp\/v2\/media?parent=25"}],"curies":[{"name":"wp","href":"https:\/\/api.w.org\/{rel}","templated":true}]}}